{"id":335,"date":"2018-07-24T12:23:52","date_gmt":"2018-07-24T12:23:52","guid":{"rendered":"http:\/\/www.friederike-krepela.com\/Wordpress\/?page_id=335"},"modified":"2022-08-08T19:52:47","modified_gmt":"2022-08-08T19:52:47","slug":"impressum","status":"publish","type":"page","link":"http:\/\/www.friederike-krepela.com\/\/Wordpress\/impressum\/","title":{"rendered":"Impressum"},"content":{"rendered":"<div class=\"wpb-content-wrapper\">[vc_row][vc_column width=&#8220;1\/4&#8243;][\/vc_column][vc_column width=&#8220;1\/2&#8243;][mk_padding_divider size=&#8220;100&#8243;][mk_fancy_title color=&#8220;#766bf6&#8243; size=&#8220;80&#8243; force_font_size=&#8220;true&#8220; size_tablet=&#8220;60&#8243; size_phone=&#8220;40&#8243; line_height=&#8220;110&#8243; font_weight=&#8220;500&#8243; font_style=&#8220;normal&#8220; txt_transform=&#8220;uppercase&#8220; letter_spacing=&#8220;4&#8243; font_family=&#8220;Source+Sans+Pro&#8220; font_type=&#8220;google&#8220; responsive_align=&#8220;left&#8220; animation=&#8220;left-to-right&#8220;]Impressum[\/mk_fancy_title][mk_padding_divider size=&#8220;100&#8243; visibility=&#8220;hidden-sm&#8220;][\/vc_column][vc_column width=&#8220;1\/4&#8243;][\/vc_column][\/vc_row][vc_row][vc_column width=&#8220;1\/4&#8243;][\/vc_column][vc_column width=&#8220;1\/2&#8243;][vc_column_text css=&#8220;.vc_custom_1659988365093{margin-bottom: 0px !important;}&#8220;]\n<p style=\"text-align: left;\">Friederike Krepela<br \/>\nSetzbergstr. 19<br \/>\n81539 M\u00fcnchen<\/p>\n<p style=\"text-align: left;\">PHONE \u00a0|\u00a0\u00a0 0049 171 4313766<br \/>\nE-MAIL \u00a0| \u00a0 hello@friederike-krepela.com<\/p>\n<p>&nbsp;<\/p>\n<h5 style=\"text-align: left;\">Umsatzsteuer-ID<\/h5>\n<p style=\"text-align: left;\">Umsatzsteuer-Identifikationsnummer nach \u00a727a Umsatzsteuergesetz:\u00a0DE315593328<br \/>\nBerufsbezeichnung: Art Director, Graphicdesigner<\/p>\n<p>&nbsp;<\/p>\n<h5 style=\"text-align: left;\">Angaben zur Berufshaftpflichtversicherung<\/h5>\n<p style=\"text-align: left;\">Versicherer:<br \/>\nHISCOX Insurance Company Ltd.<br \/>\nArnulfstra\u00dfe 31<br \/>\n80636 M\u00fcnchen<\/p>\n<p>Geltungsraum der Versicherung: weltweit<\/p>\n<h5><\/h5>\n<h5><\/h5>\n<p>&nbsp;<\/p>\n<h5>Disclaimer<\/h5>\n<p>\u00a7 Haftung f\u00fcr Inhalte:<br \/>\nAls Diensteanbieter sind wir gem\u00e4\u00df \u00a7 7 Abs.1 TMG f\u00fcr eigene Inhalte auf diesen Seiten nach den allgemeinen Gesetzen verantwortlich. Nach \u00a7\u00a7 8 bis 10 TMG sind wir als Diensteanbieter jedoch nicht verpflichtet, \u00fcbermittelte oder gespeicherte fremde Informationen zu \u00fcberwachen oder nach Umst\u00e4nden zu forschen, die auf eine rechtswidrige T\u00e4tigkeit hinweisen. Verpflichtungen zur Entfernung oder Sperrung der Nutzung von Informationen nach den allgemeinen Gesetzen bleiben hiervon unber\u00fchrt. Eine diesbez\u00fcgliche Haftung ist jedoch erst ab dem Zeitpunkt der Kenntnis einer konkreten Rechtsverletzung m\u00f6glich. Bei Bekanntwerden von entsprechenden Rechtsverletzungen werden wir diese Inhalte umgehend entfernen.<\/p>\n<p>\u00a7 Haftung f\u00fcr Links:<br \/>\nUnser Angebot enth\u00e4lt Links zu externen Webseiten Dritter, auf deren Inhalte wir keinen Einfluss haben. Deshalb k\u00f6nnen wir f\u00fcr diese fremden Inhalte auch keine Gew\u00e4hr \u00fcbernehmen. F\u00fcr die Inhalte der verlinkten Seiten ist stets der jeweilige Anbieter oder Betreiber der Seiten verantwortlich. Die verlinkten Seiten wurden zum Zeitpunkt der Verlinkung auf m\u00f6gliche Rechtsverst\u00f6\u00dfe \u00fcberpr\u00fcft. Rechtswidrige Inhalte waren zum Zeitpunkt der Verlinkung nicht erkennbar. Eine permanente inhaltliche Kontrolle der verlinkten Seiten ist jedoch ohne konkrete Anhaltspunkte einer Rechtsverletzung nicht zumutbar. Bei Bekanntwerden von Rechtsverletzungen werden wir derartige Links umgehend entfernen.<\/p>\n<p>&nbsp;<\/p>\n<h5>Urheberrecht<\/h5>\n<p>Die durch die Seitenbetreiber erstellten Inhalte und Werke auf diesen Seiten unterliegen dem deutschen Urheberrecht. Die Vervielf\u00e4ltigung, Bearbeitung, Verbreitung und jede Art der Verwertung au\u00dferhalb der Grenzen des Urheberrechtes bed\u00fcrfen der schriftlichen Zustimmung des jeweiligen Autors bzw. Erstellers. Downloads und Kopien dieser Seite sind nur f\u00fcr den privaten, nicht kommerziellen Gebrauch gestattet. Soweit die Inhalte auf dieser Seite nicht vom Betreiber erstellt wurden, werden die Urheberrechte Dritter beachtet. Insbesondere werden Inhalte Dritter als solche gekennzeichnet. Sollten Sie trotzdem auf eine Urheberrechtsverletzung aufmerksam werden, bitten wir um einen entsprechenden Hinweis. Bei Bekanntwerden von Rechtsverletzungen werden wir derartige Inhalte umgehend entfernen.<\/p>\n<p>&nbsp;<\/p>\n<h5>Datenschutz<\/h5>\n<p>Nachfolgend m\u00f6chten wir Sie \u00fcber unsere Datenschutzerkl\u00e4rung informieren. Sie finden hier Informationen \u00fcber die Erhebung und Verwendung pers\u00f6nlicher Daten bei der Nutzung dieser Webseite (mehr Informationen im Men\u00fc unter DATENSCHUTZ). Dabei gilt das f\u00fcr deutsche Datenschutzrecht. Es wird ausdr\u00fccklich darauf hingewiesen, dass die Daten\u00fcbertragung im Internet (z.B. bei der Kommunikation per E-Mail) Sicherheitsl\u00fccken aufweisen und nicht l\u00fcckenlos vor dem Zugriff durch Dritte gesch\u00fctzt werden kann. Die Verwendung der Kontaktdaten des Impressums zur gewerblichen Werbung ist ausdr\u00fccklich nicht erw\u00fcnscht, es sei denn es wurde zuvor eine schriftliche Einwilligung erteilt oder es besteht bereits eine Gesch\u00e4ftsbeziehung. Hiermit wird jeder kommerziellen Verwendung und Weitergabe Ihrer pers\u00f6nlichen Daten widersprochen.<\/p>\n<p>&nbsp;<\/p>\n<h5>Quelle<\/h5>\n<p>www.e-recht24.de, www.impressum-recht.de[\/vc_column_text][\/vc_column][vc_column width=&#8220;1\/4&#8243;][\/vc_column][\/vc_row]\n<\/div>","protected":false},"excerpt":{"rendered":"<p>[vc_row][vc_column width=&#8220;1\/4&#8243;][\/vc_column][vc_column width=&#8220;1\/2&#8243;][mk_padding_divider size=&#8220;100&#8243;][mk_fancy_title color=&#8220;#766bf6&#8243; size=&#8220;80&#8243; force_font_size=&#8220;true&#8220; size_tablet=&#8220;60&#8243; size_phone=&#8220;40&#8243; line_height=&#8220;110&#8243; font_weight=&#8220;500&#8243; font_style=&#8220;normal&#8220; txt_transform=&#8220;uppercase&#8220; letter_spacing=&#8220;4&#8243; font_family=&#8220;Source+Sans+Pro&#8220; font_type=&#8220;google&#8220; responsive_align=&#8220;left&#8220; animation=&#8220;left-to-right&#8220;]Impressum[\/mk_fancy_title][mk_padding_divider size=&#8220;100&#8243; visibility=&#8220;hidden-sm&#8220;][\/vc_column][vc_column width=&#8220;1\/4&#8243;][\/vc_column][\/vc_row][vc_row][vc_column width=&#8220;1\/4&#8243;][\/vc_column][vc_column width=&#8220;1\/2&#8243;][vc_column_text css=&#8220;.vc_custom_1659988365093{margin-bottom: 0px !important;}&#8220;] Friederike Krepela Setzbergstr. 19 81539 M\u00fcnchen PHONE \u00a0|\u00a0\u00a0 0049 171 4313766 E-MAIL \u00a0| \u00a0 hello@friederike-krepela.com &nbsp; Umsatzsteuer-ID Umsatzsteuer-Identifikationsnummer nach \u00a727a Umsatzsteuergesetz:\u00a0DE315593328 Berufsbezeichnung: Art Director, Graphicdesigner &nbsp; Angaben zur Berufshaftpflichtversicherung [&hellip;]<\/p>\n","protected":false},"author":1,"featured_media":0,"parent":0,"menu_order":9,"comment_status":"closed","ping_status":"closed","template":"","meta":{"footnotes":""},"aioseo_notices":[],"jetpack_sharing_enabled":true,"_links":{"self":[{"href":"http:\/\/www.friederike-krepela.com\/\/Wordpress\/wp-json\/wp\/v2\/pages\/335"}],"collection":[{"href":"http:\/\/www.friederike-krepela.com\/\/Wordpress\/wp-json\/wp\/v2\/pages"}],"about":[{"href":"http:\/\/www.friederike-krepela.com\/\/Wordpress\/wp-json\/wp\/v2\/types\/page"}],"author":[{"embeddable":true,"href":"http:\/\/www.friederike-krepela.com\/\/Wordpress\/wp-json\/wp\/v2\/users\/1"}],"replies":[{"embeddable":true,"href":"http:\/\/www.friederike-krepela.com\/\/Wordpress\/wp-json\/wp\/v2\/comments?post=335"}],"version-history":[{"count":7,"href":"http:\/\/www.friederike-krepela.com\/\/Wordpress\/wp-json\/wp\/v2\/pages\/335\/revisions"}],"predecessor-version":[{"id":1597,"href":"http:\/\/www.friederike-krepela.com\/\/Wordpress\/wp-json\/wp\/v2\/pages\/335\/revisions\/1597"}],"wp:attachment":[{"href":"http:\/\/www.friederike-krepela.com\/\/Wordpress\/wp-json\/wp\/v2\/media?parent=335"}],"curies":[{"name":"wp","href":"https:\/\/api.w.org\/{rel}","templated":true}]}}